{"id":61,"date":"2025-04-15T17:16:07","date_gmt":"2025-04-15T17:16:07","guid":{"rendered":"https:\/\/constanzaderma.com\/?page_id=61"},"modified":"2025-05-04T12:15:20","modified_gmt":"2025-05-04T12:15:20","slug":"citas","status":"publish","type":"page","link":"https:\/\/constanzaderma.com\/en\/citas\/","title":{"rendered":"Citas Constanza Derma"},"content":{"rendered":"<div data-elementor-type=\"wp-page\" data-elementor-id=\"61\" class=\"elementor elementor-61\" data-elementor-post-type=\"page\">\n\t\t\t\t<div class=\"elementor-element elementor-element-a8daec7 e-flex e-con-boxed e-con e-parent\" data-id=\"a8daec7\" data-element_type=\"container\">\n\t\t\t\t\t<div class=\"e-con-inner\">\n\t\t\t\t<div class=\"elementor-element elementor-element-e4e36ec elementor-widget elementor-widget-heading\" data-id=\"e4e36ec\" data-element_type=\"widget\" data-widget_type=\"heading.default\">\n\t\t\t\t<div class=\"elementor-widget-container\">\n\t\t\t\t\t<h2 class=\"elementor-heading-title elementor-size-default\">Fill the form and book your visit with me<\/h2>\t\t\t\t<\/div>\n\t\t\t\t<\/div>\n\t\t\t\t<div class=\"elementor-element elementor-element-7c7ef3e elementor-widget elementor-widget-html\" data-id=\"7c7ef3e\" data-element_type=\"widget\" data-widget_type=\"html.default\">\n\t\t\t\t<div class=\"elementor-widget-container\">\n\t\t\t\t\t<div style=\"width:100%;height:500px;\" data-fillout-id=\"fMGpndGYASus\" data-fillout-embed-type=\"standard\" data-fillout-inherit-parameters data-fillout-dynamic-resize><\/div><script src=\"https:\/\/server.fillout.com\/embed\/v1\/\"><\/script>\t\t\t\t<\/div>\n\t\t\t\t<\/div>\n\t\t\t\t\t<\/div>\n\t\t\t\t<\/div>\n\t\t\t\t<\/div>","protected":false},"excerpt":{"rendered":"<p>Fill the form and book your visit with me<\/p>","protected":false},"author":1,"featured_media":0,"parent":0,"menu_order":0,"comment_status":"closed","ping_status":"closed","template":"elementor_canvas","meta":{"footnotes":""},"class_list":["post-61","page","type-page","status-publish","hentry"],"yoast_head":"<!-- This site is optimized with the Yoast SEO plugin v25.0 - https:\/\/yoast.com\/wordpress\/plugins\/seo\/ -->\n<title>Pide cita con Dra. Constanza Riquelme | Especialista en piel y l\u00e1ser<\/title>\n<meta name=\"description\" content=\"Solicita tu cita con la Dra. Constanza Riquelme, dermat\u00f3loga en Barcelona. Atenci\u00f3n personalizada para problemas de piel, dermatitis y l\u00e1ser\" \/>\n<meta name=\"robots\" content=\"index, follow, max-snippet:-1, max-image-preview:large, max-video-preview:-1\" \/>\n<link rel=\"canonical\" href=\"https:\/\/constanzaderma.com\/en\/citas\/\" \/>\n<meta property=\"og:locale\" content=\"en_US\" \/>\n<meta property=\"og:type\" content=\"article\" \/>\n<meta property=\"og:title\" content=\"Pide cita con Dra. Constanza Riquelme | Especialista en piel y l\u00e1ser\" \/>\n<meta property=\"og:description\" content=\"Solicita tu cita con la Dra. Constanza Riquelme, dermat\u00f3loga en Barcelona. Atenci\u00f3n personalizada para problemas de piel, dermatitis y l\u00e1ser\" \/>\n<meta property=\"og:url\" content=\"https:\/\/constanzaderma.com\/en\/citas\/\" \/>\n<meta property=\"og:site_name\" content=\"constanzaderma.com\" \/>\n<meta property=\"article:modified_time\" content=\"2025-05-04T12:15:20+00:00\" \/>\n<meta name=\"twitter:card\" content=\"summary_large_image\" \/>\n<meta name=\"twitter:label1\" content=\"Est. reading time\" \/>\n\t<meta name=\"twitter:data1\" content=\"1 minute\" \/>\n<script type=\"application\/ld+json\" class=\"yoast-schema-graph\">{\"@context\":\"https:\/\/schema.org\",\"@graph\":[{\"@type\":\"WebPage\",\"@id\":\"https:\/\/constanzaderma.com\/citas\/\",\"url\":\"https:\/\/constanzaderma.com\/citas\/\",\"name\":\"Pide cita con Dra. Constanza Riquelme | Especialista en piel y l\u00e1ser\",\"isPartOf\":{\"@id\":\"https:\/\/constanzaderma.com\/#website\"},\"datePublished\":\"2025-04-15T17:16:07+00:00\",\"dateModified\":\"2025-05-04T12:15:20+00:00\",\"description\":\"Solicita tu cita con la Dra. Constanza Riquelme, dermat\u00f3loga en Barcelona. Atenci\u00f3n personalizada para problemas de piel, dermatitis y l\u00e1ser\",\"breadcrumb\":{\"@id\":\"https:\/\/constanzaderma.com\/citas\/#breadcrumb\"},\"inLanguage\":\"en-US\",\"potentialAction\":[{\"@type\":\"ReadAction\",\"target\":[\"https:\/\/constanzaderma.com\/citas\/\"]}]},{\"@type\":\"BreadcrumbList\",\"@id\":\"https:\/\/constanzaderma.com\/citas\/#breadcrumb\",\"itemListElement\":[{\"@type\":\"ListItem\",\"position\":1,\"name\":\"Portada\",\"item\":\"https:\/\/constanzaderma.com\/\"},{\"@type\":\"ListItem\",\"position\":2,\"name\":\"Citas Constanza Derma\"}]},{\"@type\":\"WebSite\",\"@id\":\"https:\/\/constanzaderma.com\/#website\",\"url\":\"https:\/\/constanzaderma.com\/\",\"name\":\"constanzaderma.com\",\"description\":\"\",\"potentialAction\":[{\"@type\":\"SearchAction\",\"target\":{\"@type\":\"EntryPoint\",\"urlTemplate\":\"https:\/\/constanzaderma.com\/?s={search_term_string}\"},\"query-input\":{\"@type\":\"PropertyValueSpecification\",\"valueRequired\":true,\"valueName\":\"search_term_string\"}}],\"inLanguage\":\"en-US\"}]}<\/script>\n<!-- \/ Yoast SEO plugin. -->","yoast_head_json":{"title":"Pide cita con Dra. Constanza Riquelme | Especialista en piel y l\u00e1ser","description":"Solicita tu cita con la Dra. Constanza Riquelme, dermat\u00f3loga en Barcelona. Atenci\u00f3n personalizada para problemas de piel, dermatitis y l\u00e1ser","robots":{"index":"index","follow":"follow","max-snippet":"max-snippet:-1","max-image-preview":"max-image-preview:large","max-video-preview":"max-video-preview:-1"},"canonical":"https:\/\/constanzaderma.com\/en\/citas\/","og_locale":"en_US","og_type":"article","og_title":"Pide cita con Dra. Constanza Riquelme | Especialista en piel y l\u00e1ser","og_description":"Solicita tu cita con la Dra. Constanza Riquelme, dermat\u00f3loga en Barcelona. Atenci\u00f3n personalizada para problemas de piel, dermatitis y l\u00e1ser","og_url":"https:\/\/constanzaderma.com\/en\/citas\/","og_site_name":"constanzaderma.com","article_modified_time":"2025-05-04T12:15:20+00:00","twitter_card":"summary_large_image","twitter_misc":{"Est. reading time":"1 minute"},"schema":{"@context":"https:\/\/schema.org","@graph":[{"@type":"WebPage","@id":"https:\/\/constanzaderma.com\/citas\/","url":"https:\/\/constanzaderma.com\/citas\/","name":"Pide cita con Dra. Constanza Riquelme | Especialista en piel y l\u00e1ser","isPartOf":{"@id":"https:\/\/constanzaderma.com\/#website"},"datePublished":"2025-04-15T17:16:07+00:00","dateModified":"2025-05-04T12:15:20+00:00","description":"Solicita tu cita con la Dra. Constanza Riquelme, dermat\u00f3loga en Barcelona. Atenci\u00f3n personalizada para problemas de piel, dermatitis y l\u00e1ser","breadcrumb":{"@id":"https:\/\/constanzaderma.com\/citas\/#breadcrumb"},"inLanguage":"en-US","potentialAction":[{"@type":"ReadAction","target":["https:\/\/constanzaderma.com\/citas\/"]}]},{"@type":"BreadcrumbList","@id":"https:\/\/constanzaderma.com\/citas\/#breadcrumb","itemListElement":[{"@type":"ListItem","position":1,"name":"Portada","item":"https:\/\/constanzaderma.com\/"},{"@type":"ListItem","position":2,"name":"Citas Constanza Derma"}]},{"@type":"WebSite","@id":"https:\/\/constanzaderma.com\/#website","url":"https:\/\/constanzaderma.com\/","name":"constanzaderma.com","description":"","potentialAction":[{"@type":"SearchAction","target":{"@type":"EntryPoint","urlTemplate":"https:\/\/constanzaderma.com\/?s={search_term_string}"},"query-input":{"@type":"PropertyValueSpecification","valueRequired":true,"valueName":"search_term_string"}}],"inLanguage":"en-US"}]}},"_links":{"self":[{"href":"https:\/\/constanzaderma.com\/en\/wp-json\/wp\/v2\/pages\/61","targetHints":{"allow":["GET"]}}],"collection":[{"href":"https:\/\/constanzaderma.com\/en\/wp-json\/wp\/v2\/pages"}],"about":[{"href":"https:\/\/constanzaderma.com\/en\/wp-json\/wp\/v2\/types\/page"}],"author":[{"embeddable":true,"href":"https:\/\/constanzaderma.com\/en\/wp-json\/wp\/v2\/users\/1"}],"replies":[{"embeddable":true,"href":"https:\/\/constanzaderma.com\/en\/wp-json\/wp\/v2\/comments?post=61"}],"version-history":[{"count":11,"href":"https:\/\/constanzaderma.com\/en\/wp-json\/wp\/v2\/pages\/61\/revisions"}],"predecessor-version":[{"id":191,"href":"https:\/\/constanzaderma.com\/en\/wp-json\/wp\/v2\/pages\/61\/revisions\/191"}],"wp:attachment":[{"href":"https:\/\/constanzaderma.com\/en\/wp-json\/wp\/v2\/media?parent=61"}],"curies":[{"name":"wp","href":"https:\/\/api.w.org\/{rel}","templated":true}]}}